{"id":6,"date":"2013-09-27T17:52:52","date_gmt":"2013-09-27T17:52:52","guid":{"rendered":"http:\/\/www.protectfive.com\/?page_id=6"},"modified":"2014-07-10T09:27:33","modified_gmt":"2014-07-10T09:27:33","slug":"home","status":"publish","type":"page","link":"https:\/\/www.protectfive.com\/ca\/","title":{"rendered":"ProtectFive"},"content":{"rendered":"<div style=\"width:100%; height:40px;\"> <\/div>\n<div class=\"symple-column symple-one-third symple-column-first \">\n<h2> Som apassionats <\/h2>\n<p>Ens encanta el que fem i per aix\u00f2 busquem l&#8217;excel\u00b7l\u00e8ncia en els nostres projectes revisant cont\u00ednuament els nostres processos de desenvolupament per introduir millores i adaptar-los a les \u00faltimes tecnologies aconseguint els millors resultats en quant a costos i terminis.<br \/>\n<\/div>\n<div class=\"symple-column symple-one-third symple-column-first \">\n<h2> Som desenvolupadors <\/h2>\n<p>El nostre equip est\u00e0 format per enginyers i t\u00e8cnics de m\u00faltiples disciplines. Desenvolupem de forma nativa en diferents plataformes per aprofitar al m\u00e0xim els recursos que ofereix cadascuna.<br \/>\nSabem el que fem.<br \/>\n<\/div>\n<div class=\"symple-column symple-one-third symple-column-last \">\n<h2> En cont\u00ednua evoluci\u00f3 <\/h2>\n<p>No ens agrada la zona de confort i sempre estem connectats amb les \u00faltimes novetats pel que fa a tecnologia i metodologies de proc\u00e9s, aix\u00f2 ens permet evolucionar i fer cr\u00e9ixer als nostres clients.<br \/>\n<\/div>\n","protected":false},"excerpt":{"rendered":"","protected":false},"author":1,"featured_media":0,"parent":0,"menu_order":0,"comment_status":"closed","ping_status":"closed","template":"template-classic.php","meta":[],"_links":{"self":[{"href":"https:\/\/www.protectfive.com\/ca\/wp-json\/wp\/v2\/pages\/6"}],"collection":[{"href":"https:\/\/www.protectfive.com\/ca\/wp-json\/wp\/v2\/pages"}],"about":[{"href":"https:\/\/www.protectfive.com\/ca\/wp-json\/wp\/v2\/types\/page"}],"author":[{"embeddable":true,"href":"https:\/\/www.protectfive.com\/ca\/wp-json\/wp\/v2\/users\/1"}],"replies":[{"embeddable":true,"href":"https:\/\/www.protectfive.com\/ca\/wp-json\/wp\/v2\/comments?post=6"}],"version-history":[{"count":36,"href":"https:\/\/www.protectfive.com\/ca\/wp-json\/wp\/v2\/pages\/6\/revisions"}],"predecessor-version":[{"id":237,"href":"https:\/\/www.protectfive.com\/ca\/wp-json\/wp\/v2\/pages\/6\/revisions\/237"}],"wp:attachment":[{"href":"https:\/\/www.protectfive.com\/ca\/wp-json\/wp\/v2\/media?parent=6"}],"curies":[{"name":"wp","href":"https:\/\/api.w.org\/{rel}","templated":true}]}}