{"id":8,"date":"2013-09-27T17:53:03","date_gmt":"2013-09-27T17:53:03","guid":{"rendered":"http:\/\/www.protectfive.com\/?page_id=8"},"modified":"2015-11-06T22:08:07","modified_gmt":"2015-11-06T22:08:07","slug":"servicios","status":"publish","type":"page","link":"https:\/\/www.protectfive.com\/ca\/serveis","title":{"rendered":"Serveis"},"content":{"rendered":"<div class=\"grid_4 content-block\" data-arrows-top-position=\"120px\"><div class=\"cb-date\"><\/div><div class=\"cb-title\" data-icon=\"w\">Programaci\u00f3 Web a mida<\/div><div class=\"cb-content\"><p>\nSom desenvolupadors i \u00e9s per aix\u00f2 que podem plasmar qualsevol idea que tinguis en una aplicaci\u00f3 web.<br \/>\n<\/p><\/div><\/div>\n<div class=\"grid_4 content-block\" data-arrows-top-position=\"120px\"><div class=\"cb-date\"><\/div><div class=\"cb-title\" data-icon=\"O\">Apps IOS: iPhone \/ iPad<\/div><div class=\"cb-content\"><p>\nDesenvolupem de forma nativa teva App per a plataformes Apple per aprofitar al m\u00e0xim la pot\u00e8ncia dels dispositius. Realitzem a mida tant aplicacions com jocs.<br \/>\n<\/p><\/div><\/div>\n<div class=\"grid_4 content-block\" data-arrows-top-position=\"120px\"><div class=\"cb-date\"><\/div><div class=\"cb-title\" data-icon=\"8\">Consultoria tecnol\u00f2gica<\/div><div class=\"cb-content\"><p>\nRealitzem una an\u00e0lisi de requisits i procediments per a oferir la millor soluci\u00f3 tecnol\u00f2gica a les necessitats del teu projecte.<br \/>\n<\/p><\/div><\/div>\n<div class=\"grid_4 content-block\" data-arrows-top-position=\"120px\"><div class=\"cb-date\"><\/div><div class=\"cb-title\" data-icon=\"P\">Apps iOS Apple watch i tvOS<\/div><div class=\"cb-content\"><p>\nDesenvolupem de forma nativa teva App per a plataformes Apple TV en iOS o TVML\/TVJS i Apple watch.<br \/>\n<\/p><\/div><\/div>\n<div class=\"grid_4 content-block\" data-arrows-top-position=\"120px\"><div class=\"cb-date\"><\/div><div class=\"cb-title\" data-icon=\"O\">Intranets de gesti\u00f3<\/div><div class=\"cb-content\"><p>\nPodem analitzar els processos del teu negoci i dissenyar un sistema que et permeti gestionar i automatitzar gran part del treball del teu dia a dia.<br \/>\n<\/p><\/div><\/div>\n<div class=\"grid_4 content-block\" data-arrows-top-position=\"120px\"><div class=\"cb-date\"><\/div><div class=\"cb-title\" data-icon=\"l\">Aplicacions Facebook Apps<\/div><div class=\"cb-content\"><p>\nCada vegada \u00e9s m\u00e9s important estar present a les xarxes socials. Podem desenvolupar les teves promocions i \/ o la integraci\u00f3 del teu negoci amb Facebook perqu\u00e8 puguis treure el m\u00e0xim partit de les xarxes socials.<br \/>\n<\/p><\/div><\/div>\n<div class=\"grid_4 content-block\" data-arrows-top-position=\"120px\"><div class=\"cb-date\"><\/div><div class=\"cb-title\" data-icon=\"N\">Aplicacions m\u00f2bils Android<\/div><div class=\"cb-content\"><p>\nDesenvolupem de forma nativa teva App per Android tant m\u00f2bils com tablets o altres dispositius. Realitzem a mida tant aplicacions com jocs.<br \/>\n<\/p><\/div><\/div>\n<div class=\"grid_4 content-block\" data-arrows-top-position=\"120px\"><div class=\"cb-date\"><\/div><div class=\"cb-title\" data-icon=\"6\">Direcci\u00f3 de projectes<\/div><div class=\"cb-content\"><p>\nSabem l&#8217;important que \u00e9s arribar a terme amb els projectes i per aix\u00f2 oferim la nostra dilatada experi\u00e8ncia en la gesti\u00f3 i direcci\u00f3 de projectes.<br \/>\n<\/p><\/div><\/div>\n<div class=\"grid_4 content-block\" data-arrows-top-position=\"120px\"><div class=\"cb-date\"><\/div><div class=\"cb-title\" data-icon=\"W\">Conceptualitzar Aplicacions<\/div><div class=\"cb-content\"><p>\nExplica&#8217;ns quina \u00e9s la teva idea i la plasmem i adaptem per optimitzar els recursos dels dispositius m\u00f2bils actuals.<br \/>\n<\/p><\/div><\/div>\n<div class=\"grid_4 content-block\" data-arrows-top-position=\"120px\"><div class=\"cb-date\"><\/div><div class=\"cb-title\" data-icon=\"Q\">Aplicacions Windows Phone<\/div><div class=\"cb-content\"><p>\nPodem desenvolupar qualsevol tipus d&#8217;aplicaci\u00f3 per al teu dispositiu Windows.<br \/>\n<\/p><\/div><\/div>\n<div class=\"grid_4 content-block\" data-arrows-top-position=\"120px\"><div class=\"cb-date\"><\/div><div class=\"cb-title\" data-icon=\"i\">Projectes WordPress<\/div><div class=\"cb-content\"><p>\nWordpress \u00e9s un referent pel que fa a gestors de contingut. \u00c9s per aix\u00f2 que en desenvolupar sobre aquesta plataforma podem minimitzar temps de lliurament optimitzant la satisfacci\u00f3 del client.<br \/>\n<\/p><\/div><\/div>\n<hr class=\"symple-divider dashed \" style=\"margin-top: 20px;margin-bottom: 20px;\" \/> <\/p>\n<h2 id=\"web\"> Desenvolupament web <\/h2>\n<div class=\"symple-skillbar symple-clearfix \" data-percent=\"40%\"><div class=\"symple-skillbar-title\" style=\"background: #6adcfa;\"><span>Web<\/span><\/div><div class=\"symple-skillbar-bar\" style=\"background: #6adcfa;\"><\/div><div class=\"symple-skill-bar-percent\">40%<\/div><\/div>\n<h4> Desenvolupament Web a mida. <\/h4>\n<h4> Intranets de gesti\u00f3 de negoci. <\/h4>\n<h4> Facebook Apps. <\/h4>\n<h4> Desenvolupament a WordPress. <\/h4>\n<hr class=\"symple-divider dashed \" style=\"margin-top: 20px;margin-bottom: 20px;\" \/>\n<h2 id=\"movil\"> Desenvolupament M\u00f2bil <\/h2>\n<div class=\"symple-skillbar symple-clearfix \" data-percent=\"40%\"><div class=\"symple-skillbar-title\" style=\"background: #f93b00;\"><span>Desenvolupament M\u00f2bil<\/span><\/div><div class=\"symple-skillbar-bar\" style=\"background: #f93b00;\"><\/div><div class=\"symple-skill-bar-percent\">40%<\/div><\/div>\n<h4> Aplicacions m\u00f2bils IOS: iPhone \/ iPad. <\/h4>\n<h4> Aplicacions m\u00f2bils Android. <\/h4>\n<h4> Aplicacions m\u00f2bils Windows Phone. <\/h4>\n<hr class=\"symple-divider dashed \" style=\"margin-top: 20px;margin-bottom: 20px;\" \/>\n<h2 id=\"consultoria\"> Consultoria tecnol\u00f2gica <\/h2>\n<div class=\"symple-skillbar symple-clearfix \" data-percent=\"20%\"><div class=\"symple-skillbar-title\" style=\"background: #00f545;\"><span>Consultoria tecnol\u00f2gica<\/span><\/div><div class=\"symple-skillbar-bar\" style=\"background: #00f545;\"><\/div><div class=\"symple-skill-bar-percent\">20%<\/div><\/div>\n<h4> Direcci\u00f3 de projectes. <\/h4>\n<h4> Conceptualitzaci\u00f3 d&#8217;aplicacions. <\/h4>\n<h4> Consultoria tecnol\u00f2gica. <\/h4>\n","protected":false},"excerpt":{"rendered":"<p>Desenvolupament web Desenvolupament Web a mida. Intranets de gesti\u00f3 de negoci. Facebook Apps. Desenvolupament a WordPress. Desenvolupament M\u00f2bil Aplicacions m\u00f2bils IOS: iPhone \/ iPad. Aplicacions m\u00f2bils Android. Aplicacions m\u00f2bils Windows Phone. Consultoria tecnol\u00f2gica Direcci\u00f3 de projectes. Conceptualitzaci\u00f3 d&#8217;aplicacions. Consultoria tecnol\u00f2gica.<\/p>\n","protected":false},"author":1,"featured_media":0,"parent":0,"menu_order":1,"comment_status":"closed","ping_status":"closed","template":"","meta":[],"_links":{"self":[{"href":"https:\/\/www.protectfive.com\/ca\/wp-json\/wp\/v2\/pages\/8"}],"collection":[{"href":"https:\/\/www.protectfive.com\/ca\/wp-json\/wp\/v2\/pages"}],"about":[{"href":"https:\/\/www.protectfive.com\/ca\/wp-json\/wp\/v2\/types\/page"}],"author":[{"embeddable":true,"href":"https:\/\/www.protectfive.com\/ca\/wp-json\/wp\/v2\/users\/1"}],"replies":[{"embeddable":true,"href":"https:\/\/www.protectfive.com\/ca\/wp-json\/wp\/v2\/comments?post=8"}],"version-history":[{"count":52,"href":"https:\/\/www.protectfive.com\/ca\/wp-json\/wp\/v2\/pages\/8\/revisions"}],"predecessor-version":[{"id":249,"href":"https:\/\/www.protectfive.com\/ca\/wp-json\/wp\/v2\/pages\/8\/revisions\/249"}],"wp:attachment":[{"href":"https:\/\/www.protectfive.com\/ca\/wp-json\/wp\/v2\/media?parent=8"}],"curies":[{"name":"wp","href":"https:\/\/api.w.org\/{rel}","templated":true}]}}